{"id":59,"date":"2025-07-14T15:02:58","date_gmt":"2025-07-14T13:02:58","guid":{"rendered":"https:\/\/labs.100x100.net\/projects\/piscolabis\/?page_id=59"},"modified":"2026-03-13T15:45:55","modified_gmt":"2026-03-13T14:45:55","slug":"privacy-policy","status":"publish","type":"page","link":"https:\/\/www.piscolabisrestaurant.com\/en\/privacy-policy\/","title":{"rendered":"Privacy policy"},"content":{"rendered":"<p>Ante la entrada en vigor del Reglamento (UE) 2016\/679 del Parlamento Europeo y el Consejo de 27 de abril de 2016 relativo a la Protecci\u00f3n de las Personas F\u00edsicas respecto al tratamiento de datos personales y a la libre circulaci\u00f3n de datos y la Ley Org\u00e1nica 15\/1999 de Protecci\u00f3n de Datos de Car\u00e1cter Personal, para poder continuar informando de los productos, promociones y novedades de ANgrup as\u00ed como informaciones de inter\u00e9s y novedades sobre restauraci\u00f3n y gastronom\u00eda, debe darnos su consentimiento marcando el bot\u00f3n de aceptaci\u00f3n.<\/p>\n<p>Le informamos que sus datos de contacto est\u00e1n incorporados en un fichero titularidad de ANgrup con domicilio en Av. Diagonal 405 bis (08008 Barcelona) y no ser\u00e1n cedidas ni comunicadas a terceros para finalidades diferentes para las cuales han sido suministradas, excepto en los supuestos de obligaci\u00f3n legal.<\/p>\n<p>En cualquier momento puede ejercer los derechos de acceso, rectificaci\u00f3n, supresi\u00f3n, limitaci\u00f3n, portabilidad y oposici\u00f3n respecto a sus datos de car\u00e1cter personal previstos en la ley, enviando un escrito acompa\u00f1ado de una fotocopia del documento de identidad a la direcci\u00f3n postal de Angrup.<\/p>\n<p>En el caso de disconformidad en relaci\u00f3n a la tramitaci\u00f3n de sus datos puede presentar una reclamaci\u00f3n ante la Agencia Espa\u00f1ola de Protecci\u00f3n de Datos, organismo que ostenta la autoridad de control en la materia, ubicada en la C\/Jorge Juan, 6 (28001 Madrid).<\/p>\n<p>En el caso de que quisiera darse de baja de las comunicaciones podr\u00e1 realizarlo a trav\u00e9s de cualquiera de las mismas.<\/p>\n","protected":false},"excerpt":{"rendered":"<p>Ante la entrada en vigor del Reglamento (UE) 2016\/679 del Parlamento Europeo y el Consejo de 27 de abril de 2016 relativo a la Protecci\u00f3n de las Personas F\u00edsicas respecto al tratamiento de datos personales y a la libre circulaci\u00f3n de datos y la Ley Org\u00e1nica 15\/1999 de Protecci\u00f3n de Datos de Car\u00e1cter Personal, para [&hellip;]<\/p>\n","protected":false},"author":1,"featured_media":0,"parent":0,"menu_order":0,"comment_status":"closed","ping_status":"closed","template":"","meta":{"_acf_changed":false,"footnotes":""},"class_list":["post-59","page","type-page","status-publish","hentry"],"acf":[],"yoast_head":"<!-- This site is optimized with the Yoast SEO plugin v27.2 - https:\/\/yoast.com\/product\/yoast-seo-wordpress\/ -->\n<title>Privacy policy - Piscolabis Restaurant<\/title>\n<meta name=\"robots\" content=\"noindex, nofollow\" \/>\n<meta property=\"og:locale\" content=\"en_US\" \/>\n<meta property=\"og:type\" content=\"article\" \/>\n<meta property=\"og:title\" content=\"Privacy policy - Piscolabis Restaurant\" \/>\n<meta property=\"og:description\" content=\"Ante la entrada en vigor del Reglamento (UE) 2016\/679 del Parlamento Europeo y el Consejo de 27 de abril de 2016 relativo a la Protecci\u00f3n de las Personas F\u00edsicas respecto al tratamiento de datos personales y a la libre circulaci\u00f3n de datos y la Ley Org\u00e1nica 15\/1999 de Protecci\u00f3n de Datos de Car\u00e1cter Personal, para [&hellip;]\" \/>\n<meta property=\"og:url\" content=\"https:\/\/www.piscolabisrestaurant.com\/en\/privacy-policy\/\" \/>\n<meta property=\"og:site_name\" content=\"Piscolabis Restaurant\" \/>\n<meta property=\"article:modified_time\" content=\"2026-03-13T14:45:55+00:00\" \/>\n<meta property=\"og:image\" content=\"https:\/\/hundreds-wordpress-uploads.s3.amazonaws.com\/piscolabis\/uploads\/2026\/03\/Piscolabis_terraza-de-tapas.jpg\" \/>\n\t<meta property=\"og:image:width\" content=\"327\" \/>\n\t<meta property=\"og:image:height\" content=\"84\" \/>\n\t<meta property=\"og:image:type\" content=\"image\/jpeg\" \/>\n<meta name=\"twitter:card\" content=\"summary_large_image\" \/>\n<meta name=\"twitter:label1\" content=\"Est. reading time\" \/>\n\t<meta name=\"twitter:data1\" content=\"2 minutes\" \/>\n<script type=\"application\/ld+json\" class=\"yoast-schema-graph\">{\"@context\":\"https:\/\/schema.org\",\"@graph\":[{\"@type\":\"WebPage\",\"@id\":\"https:\/\/www.piscolabisrestaurant.com\/en\/privacy-policy\/\",\"url\":\"https:\/\/www.piscolabisrestaurant.com\/en\/privacy-policy\/\",\"name\":\"Privacy policy - Piscolabis Restaurant\",\"isPartOf\":{\"@id\":\"https:\/\/www.piscolabisrestaurant.com\/en\/#website\"},\"datePublished\":\"2025-07-14T13:02:58+00:00\",\"dateModified\":\"2026-03-13T14:45:55+00:00\",\"breadcrumb\":{\"@id\":\"https:\/\/www.piscolabisrestaurant.com\/en\/privacy-policy\/#breadcrumb\"},\"inLanguage\":\"en-US\",\"potentialAction\":[{\"@type\":\"ReadAction\",\"target\":[\"https:\/\/www.piscolabisrestaurant.com\/en\/privacy-policy\/\"]}]},{\"@type\":\"BreadcrumbList\",\"@id\":\"https:\/\/www.piscolabisrestaurant.com\/en\/privacy-policy\/#breadcrumb\",\"itemListElement\":[{\"@type\":\"ListItem\",\"position\":1,\"name\":\"Inici\",\"item\":\"https:\/\/www.piscolabisrestaurant.com\/en\/\"},{\"@type\":\"ListItem\",\"position\":2,\"name\":\"Privacy policy\"}]},{\"@type\":\"WebSite\",\"@id\":\"https:\/\/www.piscolabisrestaurant.com\/en\/#website\",\"url\":\"https:\/\/www.piscolabisrestaurant.com\/en\/\",\"name\":\"Piscolabis Terraza de tapas\",\"description\":\"\",\"publisher\":{\"@id\":\"https:\/\/www.piscolabisrestaurant.com\/en\/#organization\"},\"potentialAction\":[{\"@type\":\"SearchAction\",\"target\":{\"@type\":\"EntryPoint\",\"urlTemplate\":\"https:\/\/www.piscolabisrestaurant.com\/en\/?s={search_term_string}\"},\"query-input\":{\"@type\":\"PropertyValueSpecification\",\"valueRequired\":true,\"valueName\":\"search_term_string\"}}],\"inLanguage\":\"en-US\"},{\"@type\":\"Organization\",\"@id\":\"https:\/\/www.piscolabisrestaurant.com\/en\/#organization\",\"name\":\"Piscolabis Restaurant\",\"url\":\"https:\/\/www.piscolabisrestaurant.com\/en\/\",\"logo\":{\"@type\":\"ImageObject\",\"inLanguage\":\"en-US\",\"@id\":\"https:\/\/www.piscolabisrestaurant.com\/en\/#\/schema\/logo\/image\/\",\"url\":\"https:\/\/hundreds-wordpress-uploads.s3.amazonaws.com\/piscolabis\/uploads\/2026\/03\/Piscolabis_terraza-de-tapas.jpg\",\"contentUrl\":\"https:\/\/hundreds-wordpress-uploads.s3.amazonaws.com\/piscolabis\/uploads\/2026\/03\/Piscolabis_terraza-de-tapas.jpg\",\"width\":327,\"height\":84,\"caption\":\"Piscolabis Restaurant\"},\"image\":{\"@id\":\"https:\/\/www.piscolabisrestaurant.com\/en\/#\/schema\/logo\/image\/\"}}]}<\/script>\n<!-- \/ Yoast SEO plugin. -->","yoast_head_json":{"title":"Privacy policy - Piscolabis Restaurant","robots":{"index":"noindex","follow":"nofollow"},"og_locale":"en_US","og_type":"article","og_title":"Privacy policy - Piscolabis Restaurant","og_description":"Ante la entrada en vigor del Reglamento (UE) 2016\/679 del Parlamento Europeo y el Consejo de 27 de abril de 2016 relativo a la Protecci\u00f3n de las Personas F\u00edsicas respecto al tratamiento de datos personales y a la libre circulaci\u00f3n de datos y la Ley Org\u00e1nica 15\/1999 de Protecci\u00f3n de Datos de Car\u00e1cter Personal, para [&hellip;]","og_url":"https:\/\/www.piscolabisrestaurant.com\/en\/privacy-policy\/","og_site_name":"Piscolabis Restaurant","article_modified_time":"2026-03-13T14:45:55+00:00","og_image":[{"width":327,"height":84,"url":"https:\/\/hundreds-wordpress-uploads.s3.amazonaws.com\/piscolabis\/uploads\/2026\/03\/Piscolabis_terraza-de-tapas.jpg","type":"image\/jpeg"}],"twitter_card":"summary_large_image","twitter_misc":{"Est. reading time":"2 minutes"},"schema":{"@context":"https:\/\/schema.org","@graph":[{"@type":"WebPage","@id":"https:\/\/www.piscolabisrestaurant.com\/en\/privacy-policy\/","url":"https:\/\/www.piscolabisrestaurant.com\/en\/privacy-policy\/","name":"Privacy policy - Piscolabis Restaurant","isPartOf":{"@id":"https:\/\/www.piscolabisrestaurant.com\/en\/#website"},"datePublished":"2025-07-14T13:02:58+00:00","dateModified":"2026-03-13T14:45:55+00:00","breadcrumb":{"@id":"https:\/\/www.piscolabisrestaurant.com\/en\/privacy-policy\/#breadcrumb"},"inLanguage":"en-US","potentialAction":[{"@type":"ReadAction","target":["https:\/\/www.piscolabisrestaurant.com\/en\/privacy-policy\/"]}]},{"@type":"BreadcrumbList","@id":"https:\/\/www.piscolabisrestaurant.com\/en\/privacy-policy\/#breadcrumb","itemListElement":[{"@type":"ListItem","position":1,"name":"Inici","item":"https:\/\/www.piscolabisrestaurant.com\/en\/"},{"@type":"ListItem","position":2,"name":"Privacy policy"}]},{"@type":"WebSite","@id":"https:\/\/www.piscolabisrestaurant.com\/en\/#website","url":"https:\/\/www.piscolabisrestaurant.com\/en\/","name":"Piscolabis Terraza de tapas","description":"","publisher":{"@id":"https:\/\/www.piscolabisrestaurant.com\/en\/#organization"},"potentialAction":[{"@type":"SearchAction","target":{"@type":"EntryPoint","urlTemplate":"https:\/\/www.piscolabisrestaurant.com\/en\/?s={search_term_string}"},"query-input":{"@type":"PropertyValueSpecification","valueRequired":true,"valueName":"search_term_string"}}],"inLanguage":"en-US"},{"@type":"Organization","@id":"https:\/\/www.piscolabisrestaurant.com\/en\/#organization","name":"Piscolabis Restaurant","url":"https:\/\/www.piscolabisrestaurant.com\/en\/","logo":{"@type":"ImageObject","inLanguage":"en-US","@id":"https:\/\/www.piscolabisrestaurant.com\/en\/#\/schema\/logo\/image\/","url":"https:\/\/hundreds-wordpress-uploads.s3.amazonaws.com\/piscolabis\/uploads\/2026\/03\/Piscolabis_terraza-de-tapas.jpg","contentUrl":"https:\/\/hundreds-wordpress-uploads.s3.amazonaws.com\/piscolabis\/uploads\/2026\/03\/Piscolabis_terraza-de-tapas.jpg","width":327,"height":84,"caption":"Piscolabis Restaurant"},"image":{"@id":"https:\/\/www.piscolabisrestaurant.com\/en\/#\/schema\/logo\/image\/"}}]}},"_links":{"self":[{"href":"https:\/\/www.piscolabisrestaurant.com\/en\/wp-json\/wp\/v2\/pages\/59","targetHints":{"allow":["GET"]}}],"collection":[{"href":"https:\/\/www.piscolabisrestaurant.com\/en\/wp-json\/wp\/v2\/pages"}],"about":[{"href":"https:\/\/www.piscolabisrestaurant.com\/en\/wp-json\/wp\/v2\/types\/page"}],"author":[{"embeddable":true,"href":"https:\/\/www.piscolabisrestaurant.com\/en\/wp-json\/wp\/v2\/users\/1"}],"replies":[{"embeddable":true,"href":"https:\/\/www.piscolabisrestaurant.com\/en\/wp-json\/wp\/v2\/comments?post=59"}],"version-history":[{"count":1,"href":"https:\/\/www.piscolabisrestaurant.com\/en\/wp-json\/wp\/v2\/pages\/59\/revisions"}],"predecessor-version":[{"id":60,"href":"https:\/\/www.piscolabisrestaurant.com\/en\/wp-json\/wp\/v2\/pages\/59\/revisions\/60"}],"wp:attachment":[{"href":"https:\/\/www.piscolabisrestaurant.com\/en\/wp-json\/wp\/v2\/media?parent=59"}],"curies":[{"name":"wp","href":"https:\/\/api.w.org\/{rel}","templated":true}]}}